{"id":2860,"date":"2025-07-08T08:21:20","date_gmt":"2025-07-08T08:21:20","guid":{"rendered":"https:\/\/dev.shamanea.com\/?post_type=product&#038;p=2860"},"modified":"2025-08-06T13:25:58","modified_gmt":"2025-08-06T13:25:58","slug":"tengri-agnijara","status":"publish","type":"product","link":"https:\/\/dev.shamanea.com\/en\/product\/tengri-agnijara\/","title":{"rendered":"Tengi Agnijara ENG"},"content":{"rendered":"<p><strong>Intencja<\/strong><\/p>\n<p>Dodaje odwagi, wycisza strach i pokazuje kierunek dzia\u0142ania.<\/p>\n<p><strong>Legenda<\/strong><\/p>\n<p>W dzikich g\u00f3rach, gdzie wicher \u015bpiewa pie\u015bni o pot\u0119dze nieba, mieszka\u0142a Tengri Agnijara, szamanka znana z wytrwa\u0142o\u015bci. M\u00f3wiono, \u017ce nawet gdy si\u0142y opuszczaj\u0105 cia\u0142o, jej duch nigdy si\u0119 nie ugina\u0142.<\/p>\n<p>Pewnego dnia nad dolin\u0119 nadci\u0105gn\u0119\u0142a burza tak pot\u0119\u017cna, \u017ce wiosce grozi\u0142y lawiny i powodzie. Przera\u017ceni mieszka\u0144cy b\u0142agali Tengri o pomoc. Szamanka, nie zwa\u017caj\u0105c na niebezpiecze\u0144stwo, wyruszy\u0142a na w g\u00f3ry, by ujarzmi\u0107 \u017cywio\u0142. Gdy dotar\u0142a na szczyt, burza by\u0142a najsilniejsza. Tengri wznosi\u0142a modlitwy i \u015bpiewa\u0142a pie\u015b\u0144, ale wiatr zag\u0142usza\u0142 jej g\u0142os, a pioruny uderza\u0142y coraz bli\u017cej. Wyczerpana, upad\u0142a na kolana i wtedy us\u0142ysza\u0142a krzyk soko\u0142a, kt\u00f3ry mimo wichury wzbi\u0142 si\u0119 w powietrze, walcz\u0105c z ka\u017cdym podmuchem wiatru. Jego up\u00f3r da\u0142 jej now\u0105 si\u0142\u0119, a jej pie\u015b\u0144 wype\u0142ni\u0142a przestrze\u0144. Piorun uderzy\u0142 po raz ostatni, a burza zacz\u0119\u0142a s\u0142abn\u0105\u0107.<\/p>\n<p>Gdy Tengri wr\u00f3ci\u0142a do wioski, ludzie pytali, jak tego dokona\u0142a. Odpowiedzia\u0142a:<\/p>\n<p>\u2013 Nie pokona\u0142am burzy. Przetrwa\u0142am j\u0105, bo zrozumia\u0142am, \u017ce si\u0142a to nie brak strachu, lecz wytrwa\u0142o\u015b\u0107, gdy wszystko zdaje si\u0119 stracone.<\/p>\n<p>Legenda o Tengri Agnijarze uczy, \u017ce nawet gdy si\u0142y nas opuszczaj\u0105, duch wytrwa\u0142o\u015bci potrafi ob\u0142askawi\u0107 ka\u017cd\u0105 burz\u0119.<\/p>","protected":false},"excerpt":{"rendered":"<p>Grafika W RAMIE na papierze graficznym Hahnemuhle<\/p>","protected":false},"featured_media":2862,"template":"","meta":{"_acf_changed":false},"product_brand":[],"product_cat":[25],"product_tag":[],"class_list":{"0":"post-2860","1":"product","2":"type-product","3":"status-publish","4":"has-post-thumbnail","6":"product_cat-szamanki","8":"first","9":"instock","10":"shipping-taxable","11":"purchasable","12":"product-type-simple"},"acf":[],"_links":{"self":[{"href":"https:\/\/dev.shamanea.com\/en\/wp-json\/wp\/v2\/product\/2860","targetHints":{"allow":["GET"]}}],"collection":[{"href":"https:\/\/dev.shamanea.com\/en\/wp-json\/wp\/v2\/product"}],"about":[{"href":"https:\/\/dev.shamanea.com\/en\/wp-json\/wp\/v2\/types\/product"}],"wp:featuredmedia":[{"embeddable":true,"href":"https:\/\/dev.shamanea.com\/en\/wp-json\/wp\/v2\/media\/2862"}],"wp:attachment":[{"href":"https:\/\/dev.shamanea.com\/en\/wp-json\/wp\/v2\/media?parent=2860"}],"wp:term":[{"taxonomy":"product_brand","embeddable":true,"href":"https:\/\/dev.shamanea.com\/en\/wp-json\/wp\/v2\/product_brand?post=2860"},{"taxonomy":"product_cat","embeddable":true,"href":"https:\/\/dev.shamanea.com\/en\/wp-json\/wp\/v2\/product_cat?post=2860"},{"taxonomy":"product_tag","embeddable":true,"href":"https:\/\/dev.shamanea.com\/en\/wp-json\/wp\/v2\/product_tag?post=2860"}],"curies":[{"name":"wp","href":"https:\/\/api.w.org\/{rel}","templated":true}]}}