{"id":1744,"date":"2025-02-19T08:54:09","date_gmt":"2025-02-19T08:54:09","guid":{"rendered":"https:\/\/dev.shamanea.com\/?post_type=product&#038;p=1744"},"modified":"2025-02-19T08:57:12","modified_gmt":"2025-02-19T08:57:12","slug":"voucher-300-zl","status":"publish","type":"product","link":"https:\/\/dev.shamanea.com\/en\/product\/voucher-300-zl\/","title":{"rendered":"Voucher"},"content":{"rendered":"<p data-start=\"44\" data-end=\"359\">Podaruj bliskim niezwyk\u0142y prezent \u2013 dost\u0119p do \u015bwiata magii i duchowo\u015bci zakl\u0119tego w autorskich grafikach. Voucher Shamanea to mo\u017cliwo\u015b\u0107 wyboru spo\u015br\u00f3d unikalnych linoryt\u00f3w inspirowanych szamankami, ich rytua\u0142ami i artefaktami. Ka\u017cda praca to r\u0119cznie wykonane dzie\u0142o, nios\u0105ce g\u0142\u0119bok\u0105 symbolik\u0119 i mistyczn\u0105 energi\u0119.<\/p>\n<p data-start=\"361\" data-end=\"610\">\ud83d\udd2e <strong data-start=\"364\" data-end=\"396\">Wyj\u0105tkowe linoryty i grafiki<\/strong> \u2013 inspirowane duchowo\u015bci\u0105 i natur\u0105<br data-start=\"431\" data-end=\"434\" \/>\ud83c\udf3f <strong data-start=\"437\" data-end=\"460\">Dodatki pe\u0142ne magii<\/strong> \u2013 bawe\u0142niane torby, kubki i inne akcesoria z oryginalnymi wzorami<br data-start=\"526\" data-end=\"529\" \/>\ud83c\udf81 <strong data-start=\"532\" data-end=\"551\">Idealny prezent<\/strong> \u2013 obdarowany sam wybiera to, co go najbardziej przyci\u0105ga<\/p>\n<p data-start=\"612\" data-end=\"673\" data-is-last-node=\"\">Pozw\u00f3l komu\u015b odkry\u0107 sztuk\u0119, kt\u00f3ra przenosi w inny wymiar. \ud83d\udd25\u2728<\/p>","protected":false},"excerpt":{"rendered":"<p>Podaruj bliskim niezwyk\u0142y prezent \u2013 dost\u0119p do \u015bwiata magii i duchowo\u015bci zakl\u0119tego w autorskich grafikach. Voucher Shamanea to mo\u017cliwo\u015b\u0107 wyboru spo\u015br\u00f3d unikalnych linoryt\u00f3w inspirowanych szamankami, ich rytua\u0142ami i artefaktami. Ka\u017cda praca to r\u0119cznie wykonane dzie\u0142o, nios\u0105ce g\u0142\u0119bok\u0105 symbolik\u0119 i mistyczn\u0105 energi\u0119. \ud83d\udd2e Wyj\u0105tkowe linoryty i grafiki \u2013 inspirowane duchowo\u015bci\u0105 i natur\u0105\ud83c\udf3f Dodatki pe\u0142ne magii \u2013 [&hellip;]<\/p>","protected":false},"featured_media":185,"template":"","meta":{"_acf_changed":false},"product_brand":[],"product_cat":[68],"product_tag":[],"class_list":{"0":"post-1744","1":"product","2":"type-product","3":"status-publish","4":"has-post-thumbnail","6":"product_cat-voucher","8":"first","9":"instock","10":"shipping-taxable","11":"purchasable","12":"product-type-simple"},"acf":[],"_links":{"self":[{"href":"https:\/\/dev.shamanea.com\/en\/wp-json\/wp\/v2\/product\/1744","targetHints":{"allow":["GET"]}}],"collection":[{"href":"https:\/\/dev.shamanea.com\/en\/wp-json\/wp\/v2\/product"}],"about":[{"href":"https:\/\/dev.shamanea.com\/en\/wp-json\/wp\/v2\/types\/product"}],"wp:featuredmedia":[{"embeddable":true,"href":"https:\/\/dev.shamanea.com\/en\/wp-json\/wp\/v2\/media\/185"}],"wp:attachment":[{"href":"https:\/\/dev.shamanea.com\/en\/wp-json\/wp\/v2\/media?parent=1744"}],"wp:term":[{"taxonomy":"product_brand","embeddable":true,"href":"https:\/\/dev.shamanea.com\/en\/wp-json\/wp\/v2\/product_brand?post=1744"},{"taxonomy":"product_cat","embeddable":true,"href":"https:\/\/dev.shamanea.com\/en\/wp-json\/wp\/v2\/product_cat?post=1744"},{"taxonomy":"product_tag","embeddable":true,"href":"https:\/\/dev.shamanea.com\/en\/wp-json\/wp\/v2\/product_tag?post=1744"}],"curies":[{"name":"wp","href":"https:\/\/api.w.org\/{rel}","templated":true}]}}